{"id":667,"date":"2025-06-14T13:22:33","date_gmt":"2025-06-14T17:22:33","guid":{"rendered":"https:\/\/lunacoffee.cl\/tienda\/?page_id=667"},"modified":"2025-06-14T13:59:16","modified_gmt":"2025-06-14T17:59:16","slug":"reembolso_devoluciones","status":"publish","type":"page","link":"https:\/\/lunacoffee.cl\/tienda\/reembolso_devoluciones\/","title":{"rendered":"Pol\u00edtica de devoluciones y reembolsos"},"content":{"rendered":"\n<p><strong>Recuerda que cuentas con 30 d\u00edas* a partir de la entrega de tu pedido para iniciar un proceso de devoluci\u00f3n y hasta 180 d\u00edas por alg\u00fan defecto.<\/strong><\/p>\n\n\n\n<h2 class=\"wp-block-heading\">Informaci\u00f3n general<\/h2>\n\n\n\n<p>Para ser elegible para una devoluci\u00f3n, el art\u00edculo debe estar sin uso y en las mismas condiciones en que lo recibiste. Tambi\u00e9n debe estar en su empaque original y con etiquetas.<\/p>\n\n\n\n<p>El producto debe encontrarse dentro de los 30 d\u00edas* desde la fecha de recepci\u00f3n del pedido (*aplica para compras realizadas a a partir del 6 de febrero del 2023).<\/p>\n\n\n\n<h2 class=\"wp-block-heading\">Reembolsos<\/h2>\n\n\n\n<p>Una vez que recibamos e inspeccionemos tu devoluci\u00f3n, te enviaremos un correo electr\u00f3nico notific\u00e1ndote la recepci\u00f3n del art\u00edculo. Tambi\u00e9n te informaremos si tu reembolso ha sido aprobado o rechazado.<\/p>\n\n\n\n<p>Si es aprobado, se procesar\u00e1 tu reembolso y se aplicar\u00e1 autom\u00e1ticamente a tu tarjeta o al m\u00e9todo original de pago, dentro de 15 d\u00edas h\u00e1biles.<\/p>\n\n\n\n<h3 class=\"wp-block-heading\">Reembolsos atrasados o no recibidos<\/h3>\n\n\n\n<p>Si a\u00fan no has recibido tu reembolso:<\/p>\n\n\n\n<ol class=\"wp-block-list\">\n<li>Revisa nuevamente tu cuenta bancaria.<\/li>\n\n\n\n<li>Luego contacta a la empresa de tu tarjeta, puede tardar un poco antes de que el reembolso se refleje oficialmente.<\/li>\n\n\n\n<li>A continuaci\u00f3n, contacta a tu banco. A menudo hay un tiempo de procesamiento antes de que se refleje el reembolso.<\/li>\n<\/ol>\n\n\n\n<p>Si ya hiciste todo esto y a\u00fan no has recibido tu reembolso, cont\u00e1ctanos a tienda@lunacoffee.cl.<\/p>\n\n\n\n<h2 class=\"wp-block-heading\">Cambios<\/h2>\n\n\n\n<p>Solo reemplazamos art\u00edculos si est\u00e1n defectuosos o da\u00f1ados. Si necesitas cambiarlo por el mismo art\u00edculo, escr\u00edbenos a tienda@lunacoffee.cl y env\u00eda el producto a: <a href=\"https:\/\/www.google.com\/maps\/place\/LUNA+COFFEE+%26+BRUNCH\/@-33.5946335,-71.6139161,928m\/data=!3m2!1e3!4b1!4m6!3m5!1s0x9662392a2a29a41b:0xc587ee6d5c48a890!8m2!3d-33.5946335!4d-71.6139161!16s%2Fg%2F11q4fxzwtx?hl=es-US&amp;entry=ttu&amp;g_ep=EgoyMDI1MDMwNC4wIKXMDSoASAFQAw%3D%3D\" target=\"_blank\" rel=\"noreferrer noopener\">Uno Nte. 023, Local 14 San Antonio, Valpara\u00edso.<\/a><\/p>\n\n\n\n<h2 class=\"wp-block-heading\">Env\u00edos de devoluci\u00f3n<\/h2>\n\n\n\n<p>Para devolver tu producto, debes enviarlo a: <a href=\"https:\/\/www.google.com\/maps\/place\/LUNA+COFFEE+%26+BRUNCH\/@-33.5946335,-71.6139161,928m\/data=!3m2!1e3!4b1!4m6!3m5!1s0x9662392a2a29a41b:0xc587ee6d5c48a890!8m2!3d-33.5946335!4d-71.6139161!16s%2Fg%2F11q4fxzwtx?hl=es-US&amp;entry=ttu&amp;g_ep=EgoyMDI1MDMwNC4wIKXMDSoASAFQAw%3D%3D\" target=\"_blank\" rel=\"noreferrer noopener\">Uno Nte. 023, Local 14 San Antonio, Valpara\u00edso.<\/a> en los horarios correspondientes que encontrar\u00e1s al final de nuestra p\u00e1gina.<\/p>\n\n\n\n<p>Ser\u00e1s responsable de pagar tus propios costos de env\u00edo para devolver el art\u00edculo. Los costos de env\u00edo no son reembolsables. Si recibes un reembolso, el costo del env\u00edo de devoluci\u00f3n se deducir\u00e1 del mismo.<\/p>\n\n\n\n<p>Dependiendo de tu ubicaci\u00f3n, el tiempo que puede tardar en llegarte el producto cambiado puede variar.<\/p>\n\n\n\n<p>Si est\u00e1s devolviendo art\u00edculos de alto valor, considera usar un servicio de env\u00edo con seguimiento o adquirir un seguro de env\u00edo. No garantizamos la recepci\u00f3n del art\u00edculo devuelto.<\/p>\n\n\n\n<h2 class=\"wp-block-heading\">\u00bfNecesitas ayuda?<\/h2>\n\n\n\n<p>Cont\u00e1ctanos en tienda@lunacoffee.cl para preguntas relacionadas con reembolsos y devoluciones.<\/p>\n\n\n\n<p><\/p>\n","protected":false},"excerpt":{"rendered":"<p>Recuerda que cuentas con 30 d\u00edas* a partir de la entrega de tu pedido para iniciar un proceso de devoluci\u00f3n y hasta 180 d\u00edas por alg\u00fan defecto. Informaci\u00f3n general Para ser elegible para una devoluci\u00f3n, el art\u00edculo debe estar sin uso y en las mismas condiciones en que lo recibiste. Tambi\u00e9n debe estar en su [&hellip;]<\/p>\n","protected":false},"author":1,"featured_media":0,"parent":0,"menu_order":0,"comment_status":"closed","ping_status":"closed","template":"","meta":{"footnotes":""},"class_list":["post-667","page","type-page","status-publish","hentry"],"blocksy_meta":[],"_links":{"self":[{"href":"https:\/\/lunacoffee.cl\/tienda\/wp-json\/wp\/v2\/pages\/667","targetHints":{"allow":["GET"]}}],"collection":[{"href":"https:\/\/lunacoffee.cl\/tienda\/wp-json\/wp\/v2\/pages"}],"about":[{"href":"https:\/\/lunacoffee.cl\/tienda\/wp-json\/wp\/v2\/types\/page"}],"author":[{"embeddable":true,"href":"https:\/\/lunacoffee.cl\/tienda\/wp-json\/wp\/v2\/users\/1"}],"replies":[{"embeddable":true,"href":"https:\/\/lunacoffee.cl\/tienda\/wp-json\/wp\/v2\/comments?post=667"}],"version-history":[{"count":5,"href":"https:\/\/lunacoffee.cl\/tienda\/wp-json\/wp\/v2\/pages\/667\/revisions"}],"predecessor-version":[{"id":1044,"href":"https:\/\/lunacoffee.cl\/tienda\/wp-json\/wp\/v2\/pages\/667\/revisions\/1044"}],"wp:attachment":[{"href":"https:\/\/lunacoffee.cl\/tienda\/wp-json\/wp\/v2\/media?parent=667"}],"curies":[{"name":"wp","href":"https:\/\/api.w.org\/{rel}","templated":true}]}}